{"id":7149,"date":"2024-02-20T19:16:19","date_gmt":"2024-02-20T18:16:19","guid":{"rendered":"http:\/\/artcomsolutions.com\/?page_id=7149"},"modified":"2024-02-22T16:56:50","modified_gmt":"2024-02-22T15:56:50","slug":"revendeur","status":"publish","type":"page","link":"https:\/\/artcomsolutions.com\/?page_id=7149","title":{"rendered":"Revendeur"},"content":{"rendered":"<div class=\"wpb-content-wrapper\"><p>[vc_row full_width=&#8221;stretch_row&#8221; css=&#8221;.vc_custom_1589291637288{margin-bottom: 0px !important;background-color: #2c2e3d !important;}&#8221; custom_css_code=&#8221;LmdlbS1jb3VudGVyJTIwLmdlbS1pY29uLXNpemUtbWVkaXVtJTIwJTdCJTBBJTIwJTIwJTIwJTIwZm9udC1zaXplJTNBJTIwMjRweCUzQiUwQSU3RA==&#8221;][vc_column css=&#8221;.vc_custom_1587144279645{padding-top: 0px !important;}&#8221;]<div class=\"clearboth\"><\/div><style>#thegem-divider-69d52be3b5e94 {margin-top: 120px !important;}<\/style><div id=\"thegem-divider-69d52be3b5e94\" class=\"gem-divider  \" style=\"\" ><\/div>[vc_column_text]<\/p>\n<div class=\"title-h1\" style=\"text-align: center;\">\n<h4>Offrez \u00e0 Vos Clients l&#8217;Excellence Artistique avec Notre Collection de Tableaux Sur Mesure : Une Collaboration Id\u00e9ale pour les Revendeurs<\/h4>\n<\/div>\n<p>[\/vc_column_text]<div class=\"clearboth\"><\/div><style>#thegem-divider-69d52be3b5ece {margin-top: 35px !important;}<\/style><div id=\"thegem-divider-69d52be3b5ece\" class=\"gem-divider  \" style=\"\" ><\/div>[vc_column_text]En tant que revendeur, vous \u00eates constamment \u00e0 la recherche de solutions qui vous permettent de r\u00e9pondre aux besoins uniques de votre client\u00e8le tout en maintenant un haut niveau d&#8217;excellence. Nous sommes l\u00e0 pour vous offrir une collaboration sans faille, o\u00f9 vous trouverez parmi nos diff\u00e9rentes possibilit\u00e9s des visuels qui correspondent parfaitement \u00e0 votre client\u00e8le.<\/p>\n<p style=\"text-align: center;\"><span style=\"color: #99a9b5;\">\u00a0<\/span><\/p>\n<p>[\/vc_column_text]<div class=\"clearboth\"><\/div><style>#thegem-divider-69d52be3b5ee9 {margin-top: 90px !important;}<\/style><div id=\"thegem-divider-69d52be3b5ee9\" class=\"gem-divider  \" style=\"\" ><\/div>[\/vc_column][\/vc_row][vc_row full_width=&#8221;stretch_row&#8221; css=&#8221;.vc_custom_1587024230663{margin-bottom: 0px !important;background-color: #2c2e3d !important;}&#8221;][vc_column]<div class=\"clearboth\"><\/div><style>#thegem-divider-69d52be3b5efe {margin-top: 95px !important;}<\/style><div id=\"thegem-divider-69d52be3b5efe\" class=\"gem-divider  \" style=\"\" ><\/div>[\/vc_column][vc_column css=&#8221;.vc_custom_1541514964270{padding-top: 0px !important;}&#8221; offset=&#8221;vc_col-md-4&#8243;]<div style='background-color: #171b2d; color: #ffffff; '  class=\"gem-quote gem-quote-style-1 gem-quote-no-paddings custom-color-blockqute-mark-added\" ><blockquote style='color: #ffffff ; border-color:  ' ><span style=\"color: #ffffff;\">Travailler avec cette entreprise est un vrai plaisir. Leurs tableaux sont incroyables. Leur service client est top, ainsi que leurs conseil. Nos clients trouvent les Chromaluxe magnifiques.<br \/>\n<\/span><\/blockquote><span style=color:#a3e7f0;  class=\"custom-color-blockqute-mark\">&#xe60c;<\/span><\/div>[\/vc_column][vc_column width=&#8221;1\/2&#8243; css=&#8221;.vc_custom_1541514973205{padding-top: 0px !important;}&#8221; offset=&#8221;vc_col-md-4&#8243;][vc_column_text css=&#8221;.vc_custom_1708615489007{margin-top: -5px !important;}&#8221;]<\/p>\n<div class=\"flex flex-grow flex-col max-w-full\">\n<div class=\"min-h-[20px] text-message flex flex-col items-start gap-3 whitespace-pre-wrap break-words [.text-message+&amp;]:mt-5 overflow-x-auto\" data-message-author-role=\"assistant\" data-message-id=\"d7baca02-6431-445a-9e99-3bc479e14bff\">\n<div class=\"markdown prose w-full break-words dark:prose-invert light\">\n<p>Nous sommes ravis de vous pr\u00e9senter notre concept de travail. Notre philosophie est bas\u00e9e sur la simplicit\u00e9, la personnalisation et la qualit\u00e9, des valeurs qui nous d\u00e9finissent en tant que partenaire pour votre entreprise.<\/p>\n<p>Notre approche commence par une grille tarifaire claire et accessible, vous permettant de composer votre tableau aussi bien pour le stock du magasin que pour vos clients, tout en ayant une vision pr\u00e9cise des co\u00fbts pour chaque produit. Cette transparence facilite votre processus de vente.<\/p>\n<p>Apr\u00e8s avoir choisi parmi nos peintures, aquarelles ou photographies, nous offrons une vari\u00e9t\u00e9 \u00e9tendue de supports et d&#8217;encadrements, adapt\u00e9s \u00e0 tous les budgets.<\/p>\n<p>Ce qui distingue \u00e9galement notre service, c&#8217;est notre option de dropshipping. Cette solution logistique simplifie la livraison en exp\u00e9diant les commandes directement chez vos clients, tout en pr\u00e9servant la qualit\u00e9 et la personnalisation des produits.<\/p>\n<\/div>\n<\/div>\n<\/div>\n<p>[\/vc_column_text][\/vc_column][vc_column width=&#8221;1\/2&#8243; css=&#8221;.vc_custom_1541514981709{padding-top: 0px !important;}&#8221; offset=&#8221;vc_col-md-4&#8243;]<div class=\"gem-team row inline-row gem-team-style-6\" data-hover-colors=\"{&quot;background_color&quot;:&quot;#171b2d&quot;,&quot;tel_color&quot;:&quot;#ffffff&quot;}\" > <div class=\"col-xs-12 inline-column\"> <div id=\"post-365\" class=\"team-person default-background post-365 thegem_team_person type-thegem_team_person status-publish has-post-thumbnail\" style=\"background-color: #373949; border-color: #373949\"><div class=\"team-person-hover\"> <div class=\"team-person-box clearfix\"> <div class=\"team-person-box-left\"><div class=\"team-person-image\"><span><img decoding=\"async\" width=\"80\" height=\"80\" src=\"https:\/\/artcomsolutions.com\/wp-content\/uploads\/2020\/02\/thierry-brousset-le-boss-d-art-com-au-milieu-d-une-partie-des-creations-de-son-atelier-le-dl-a-p-1511630645-thegem-person-80.jpg\" class=\"img-responsive wp-post-image\" alt=\"thierry-brousset-le-boss-d-art-com-au-milieu-d-une-partie-des-creations-de-son-atelier-le-dl-a-p-1511630645\" srcset=\"https:\/\/artcomsolutions.com\/wp-content\/uploads\/2020\/02\/thierry-brousset-le-boss-d-art-com-au-milieu-d-une-partie-des-creations-de-son-atelier-le-dl-a-p-1511630645.jpg 2x\" sizes=\"100vw\" \/><\/span><\/div><\/div> <div class=\"team-person-box-right\"> <div class=\"team-person-info\"> <div class=\"team-person-name styled-subtitle\" style=\"color: #ffffff\">Brousset Thierry<\/div> <div class=\"team-person-position date-color\" style=\"color: #99a9b5\">Charg\u00e9 d'affaires<\/div> <div class=\"gem-styled-color-1\"><div class=\"team-person-phone title-h6\"><a href=\"tel:0033624618302\" style=\"color: #00bdd4\">0033624618302<\/a><\/div><\/div> <div class=\"team-person-email\"><a style=\"color: #00bdd4\" href=\"mailto:thierry@artcomsolutions.com\">thierry@artcomsolutions.com<\/a><\/div> <\/div> <div class=\"socials team-person-socials socials-colored-hover\"><a style=\"color: #b6c7ca\" title=\"Facebook\" target=\"_blank\" href=\"#\" class=\"socials-item\"><i class=\"socials-item-icon social-item-rounded facebook\"><\/i><\/a><a style=\"color: #b6c7ca\" title=\"Twitter (X)\" target=\"_blank\" href=\"#\" class=\"socials-item\"><i class=\"socials-item-icon social-item-rounded twitter\"><\/i><\/a><a style=\"color: #b6c7ca\" title=\"Instagram\" target=\"_blank\" href=\"#\" class=\"socials-item\"><i class=\"socials-item-icon social-item-rounded instagram\"><\/i><\/a><\/div> <\/div> <\/div> <\/div><a class=\"team-person-link\" href=\"#\" target=\"_self\"><\/a><\/div> <\/div> <div class=\"col-xs-12 inline-column\"> <div id=\"post-7154\" class=\"team-person default-background post-7154 thegem_team_person type-thegem_team_person status-publish has-post-thumbnail\" style=\"background-color: #373949; border-color: #373949\"><div class=\"team-person-hover\"> <div class=\"team-person-box clearfix\"> <div class=\"team-person-box-left\"><div class=\"team-person-image\"><span><img decoding=\"async\" width=\"80\" height=\"80\" src=\"https:\/\/artcomsolutions.com\/wp-content\/uploads\/2024\/02\/Dauvergne-Yoann-thegem-person-80.jpg\" class=\"img-responsive wp-post-image\" alt=\"Dauvergne Yoann\" srcset=\"https:\/\/artcomsolutions.com\/wp-content\/uploads\/2024\/02\/Dauvergne-Yoann.jpg 2x\" sizes=\"100vw\" \/><\/span><\/div><\/div> <div class=\"team-person-box-right\"> <div class=\"team-person-info\"> <div class=\"team-person-name styled-subtitle\" style=\"color: #ffffff\">Dauvergne Yoann<\/div> <div class=\"team-person-position date-color\" style=\"color: #99a9b5\">Charg\u00e9 de production<\/div> <div class=\"gem-styled-color-1\"><div class=\"team-person-phone title-h6\"><a href=\"tel:0033651179840\" style=\"color: #00bdd4\">0033651179840<\/a><\/div><\/div> <div class=\"team-person-email\"><a style=\"color: #00bdd4\" href=\"mailto:Yoann@artcomsolutions.com\">Yoann@artcomsolutions.com<\/a><\/div> <\/div> <div class=\"socials team-person-socials socials-colored-hover\"><a style=\"color: #b6c7ca\" title=\"Facebook\" target=\"_blank\" href=\"#\" class=\"socials-item\"><i class=\"socials-item-icon social-item-rounded facebook\"><\/i><\/a><a style=\"color: #b6c7ca\" title=\"Twitter (X)\" target=\"_blank\" href=\"#\" class=\"socials-item\"><i class=\"socials-item-icon social-item-rounded twitter\"><\/i><\/a><a style=\"color: #b6c7ca\" title=\"Instagram\" target=\"_blank\" href=\"#\" class=\"socials-item\"><i class=\"socials-item-icon social-item-rounded instagram\"><\/i><\/a><\/div> <\/div> <\/div> <\/div><a class=\"team-person-link\" href=\"#\" target=\"_self\"><\/a><\/div> <\/div> <\/div>[\/vc_column][vc_column]<div class=\"clearboth\"><\/div><style>#thegem-divider-69d52be3b725d {margin-top: 50px !important;}<\/style><div id=\"thegem-divider-69d52be3b725d\" class=\"gem-divider  \" style=\"\" ><\/div><style>.gem-gallery-grid#style-69d52be3b749f .gallery-item { padding: calc(0px\/2) !important; }.gem-gallery-grid#style-69d52be3b749f .gallery-set { margin-top: calc(-0px\/2); margin-bottom: calc(-0px\/2); }.gem-gallery-grid#style-69d52be3b749f .not-fullwidth-block .gallery-set, .gem-gallery-grid#style-69d52be3b749f .not-fullwidth-block .portfolio-item-size-container { margin-left: calc(-0px\/2); margin-right: calc(-0px\/2); }.gem-gallery-grid#style-69d52be3b749f .fullwidth-block { padding-left: calc(0px\/2); padding-right: calc(0px\/2); }.gem-gallery-grid#style-69d52be3b749f .fullwidth-block .portfolio-top-panel:not(.gem-sticky-block), .gem-gallery-grid#style-69d52be3b749f .portfolio-item.not-found .found-wrap { padding-left: 21px; padding-right: 21px; }@media (min-width: 768px) and (max-width: 991px) { .gem-gallery-grid#style-69d52be3b749f .fullwidth-block .portfolio-top-panel:not(.gem-sticky-block), .gem-gallery-grid#style-69d52be3b749f .portfolio-item.not-found .found-wrap { padding-left: 21px; padding-right: 21px; }}@media (max-width: 767px) { .gem-gallery-grid#style-69d52be3b749f .fullwidth-block .portfolio-top-panel:not(.gem-sticky-block), .gem-gallery-grid#style-69d52be3b749f .portfolio-item.not-found .found-wrap { padding-left: 21px; padding-right: 21px; }}.gem-gallery-grid#style-69d52be3b749f .portfolio-filters { text-align: center }<\/style><div id=\"style-preloader-69d52be3b749f\" class=\"preloader save-space\"><div class=\"preloader-spin\"><\/div><\/div> <div class=\"gallery-preloader-wrapper\"> <div class=\"row\"> <div id=\"style-69d52be3b749f\" class=\"gem-gallery-grid col-lg-12 col-md-12 col-sm-12 gallery-style-masonry hover-default loading-animation item-animation-move-up fullwidth-columns fullwidth-columns-4 gallery-items-masonry columns-tablet-2 columns-mobile-1 \" data-hover=\"default\" data-uid=\"69d52be3b749f\" data-filter=\"[]\"> <div class=\"portfolio fullwidth-block \"> <ul class=\"gallery-set clearfix\" data-max-row-height=\"380\"> <li class=\"gallery-item gallery-0 col-xs-12 col-sm-6 col-md-3 item-animations-not-inited single-icon post-7154 thegem_team_person type-thegem_team_person status-publish has-post-thumbnail\" style=\"\"> <div class=\"wrap gem-wrapbox-style-default\"> <div class=\"overlay-wrap\"> <div class=\"image-wrap \"> <picture> <img decoding=\"async\" src=\"https:\/\/artcomsolutions.com\/wp-content\/uploads\/2022\/12\/PXL_20240219_094438711-scaled-thegem-portfolio-masonry.jpg\" width=\"754\" height=\"568\" class=\"attachment-thegem-portfolio-masonry\" alt=\"PXL_20240219_094438711\" \/> <\/picture> <\/div> <div class=\"overlay \"> <div class=\"overlay-circle\"><\/div> <a href=\"https:\/\/artcomsolutions.com\/wp-content\/uploads\/2022\/12\/PXL_20240219_094438711-scaled.jpg\" class=\"gallery-item-link fancy-gallery\" data-fancybox=\"gallery-69d52be3b749f\"> <span class=\"slide-info\"> <\/span> <\/a> <div class=\"overlay-content\"> <div class=\"overlay-content-center\"> <div class=\"overlay-content-inner\"> <a href=\"https:\/\/artcomsolutions.com\/wp-content\/uploads\/2022\/12\/PXL_20240219_094438711-scaled.jpg\" class=\"icon photo \" > <\/a> <div class=\"overlay-line\"><\/div> <\/div> <\/div> <\/div> <\/div> <\/div> <\/div> <\/li> <li class=\"gallery-item gallery-0 col-xs-12 col-sm-6 col-md-3 item-animations-not-inited single-icon post-7154 thegem_team_person type-thegem_team_person status-publish has-post-thumbnail\" style=\"\"> <div class=\"wrap gem-wrapbox-style-default\"> <div class=\"overlay-wrap\"> <div class=\"image-wrap \"> <picture> <img decoding=\"async\" src=\"https:\/\/artcomsolutions.com\/wp-content\/uploads\/2022\/12\/PXL_20240219_102126642-scaled-thegem-portfolio-masonry.jpg\" width=\"754\" height=\"568\" class=\"attachment-thegem-portfolio-masonry\" alt=\"PXL_20240219_102126642\" \/> <\/picture> <\/div> <div class=\"overlay \"> <div class=\"overlay-circle\"><\/div> <a href=\"https:\/\/artcomsolutions.com\/wp-content\/uploads\/2022\/12\/PXL_20240219_102126642-scaled.jpg\" class=\"gallery-item-link fancy-gallery\" data-fancybox=\"gallery-69d52be3b749f\"> <span class=\"slide-info\"> <\/span> <\/a> <div class=\"overlay-content\"> <div class=\"overlay-content-center\"> <div class=\"overlay-content-inner\"> <a href=\"https:\/\/artcomsolutions.com\/wp-content\/uploads\/2022\/12\/PXL_20240219_102126642-scaled.jpg\" class=\"icon photo \" > <\/a> <div class=\"overlay-line\"><\/div> <\/div> <\/div> <\/div> <\/div> <\/div> <\/div> <\/li> <li class=\"gallery-item gallery-0 col-xs-12 col-sm-6 col-md-3 item-animations-not-inited single-icon post-7154 thegem_team_person type-thegem_team_person status-publish has-post-thumbnail\" style=\"\"> <div class=\"wrap gem-wrapbox-style-default\"> <div class=\"overlay-wrap\"> <div class=\"image-wrap \"> <picture> <img decoding=\"async\" src=\"https:\/\/artcomsolutions.com\/wp-content\/uploads\/2022\/12\/PXL_20240219_102828536-scaled-thegem-portfolio-masonry.jpg\" width=\"754\" height=\"568\" class=\"attachment-thegem-portfolio-masonry\" alt=\"PXL_20240219_102828536\" \/> <\/picture> <\/div> <div class=\"overlay \"> <div class=\"overlay-circle\"><\/div> <a href=\"https:\/\/artcomsolutions.com\/wp-content\/uploads\/2022\/12\/PXL_20240219_102828536-scaled.jpg\" class=\"gallery-item-link fancy-gallery\" data-fancybox=\"gallery-69d52be3b749f\"> <span class=\"slide-info\"> <\/span> <\/a> <div class=\"overlay-content\"> <div class=\"overlay-content-center\"> <div class=\"overlay-content-inner\"> <a href=\"https:\/\/artcomsolutions.com\/wp-content\/uploads\/2022\/12\/PXL_20240219_102828536-scaled.jpg\" class=\"icon photo \" > <\/a> <div class=\"overlay-line\"><\/div> <\/div> <\/div> <\/div> <\/div> <\/div> <\/div> <\/li> <li class=\"gallery-item gallery-0 col-xs-12 col-sm-6 col-md-3 item-animations-not-inited single-icon post-7154 thegem_team_person type-thegem_team_person status-publish has-post-thumbnail\" style=\"\"> <div class=\"wrap gem-wrapbox-style-default\"> <div class=\"overlay-wrap\"> <div class=\"image-wrap \"> <picture> <img decoding=\"async\" src=\"https:\/\/artcomsolutions.com\/wp-content\/uploads\/2022\/12\/PXL_20240219_102853611.MP_-scaled-thegem-portfolio-masonry.jpg\" width=\"754\" height=\"568\" class=\"attachment-thegem-portfolio-masonry\" alt=\"PXL_20240219_102853611.MP\" \/> <\/picture> <\/div> <div class=\"overlay \"> <div class=\"overlay-circle\"><\/div> <a href=\"https:\/\/artcomsolutions.com\/wp-content\/uploads\/2022\/12\/PXL_20240219_102853611.MP_-scaled.jpg\" class=\"gallery-item-link fancy-gallery\" data-fancybox=\"gallery-69d52be3b749f\"> <span class=\"slide-info\"> <\/span> <\/a> <div class=\"overlay-content\"> <div class=\"overlay-content-center\"> <div class=\"overlay-content-inner\"> <a href=\"https:\/\/artcomsolutions.com\/wp-content\/uploads\/2022\/12\/PXL_20240219_102853611.MP_-scaled.jpg\" class=\"icon photo \" > <\/a> <div class=\"overlay-line\"><\/div> <\/div> <\/div> <\/div> <\/div> <\/div> <\/div> <\/li> <li class=\"gallery-item gallery-0 col-xs-12 col-sm-6 col-md-3 item-animations-not-inited single-icon post-7154 thegem_team_person type-thegem_team_person status-publish has-post-thumbnail\" style=\"\"> <div class=\"wrap gem-wrapbox-style-default\"> <div class=\"overlay-wrap\"> <div class=\"image-wrap \"> <picture> <img decoding=\"async\" src=\"https:\/\/artcomsolutions.com\/wp-content\/uploads\/2022\/12\/PXL_20240202_163844687-scaled-thegem-portfolio-masonry.jpg\" width=\"754\" height=\"568\" class=\"attachment-thegem-portfolio-masonry\" alt=\"PXL_20240202_163844687\" \/> <\/picture> <\/div> <div class=\"overlay \"> <div class=\"overlay-circle\"><\/div> <a href=\"https:\/\/artcomsolutions.com\/wp-content\/uploads\/2022\/12\/PXL_20240202_163844687-scaled.jpg\" class=\"gallery-item-link fancy-gallery\" data-fancybox=\"gallery-69d52be3b749f\"> <span class=\"slide-info\"> <\/span> <\/a> <div class=\"overlay-content\"> <div class=\"overlay-content-center\"> <div class=\"overlay-content-inner\"> <a href=\"https:\/\/artcomsolutions.com\/wp-content\/uploads\/2022\/12\/PXL_20240202_163844687-scaled.jpg\" class=\"icon photo \" > <\/a> <div class=\"overlay-line\"><\/div> <\/div> <\/div> <\/div> <\/div> <\/div> <\/div> <\/li> <li class=\"gallery-item gallery-0 col-xs-12 col-sm-6 col-md-3 item-animations-not-inited single-icon post-7154 thegem_team_person type-thegem_team_person status-publish has-post-thumbnail\" style=\"\"> <div class=\"wrap gem-wrapbox-style-default\"> <div class=\"overlay-wrap\"> <div class=\"image-wrap \"> <picture> <img decoding=\"async\" src=\"https:\/\/artcomsolutions.com\/wp-content\/uploads\/2022\/12\/PXL_20240219_102131032-scaled-thegem-portfolio-masonry.jpg\" width=\"754\" height=\"568\" class=\"attachment-thegem-portfolio-masonry\" alt=\"PXL_20240219_102131032\" \/> <\/picture> <\/div> <div class=\"overlay \"> <div class=\"overlay-circle\"><\/div> <a href=\"https:\/\/artcomsolutions.com\/wp-content\/uploads\/2022\/12\/PXL_20240219_102131032-scaled.jpg\" class=\"gallery-item-link fancy-gallery\" data-fancybox=\"gallery-69d52be3b749f\"> <span class=\"slide-info\"> <\/span> <\/a> <div class=\"overlay-content\"> <div class=\"overlay-content-center\"> <div class=\"overlay-content-inner\"> <a href=\"https:\/\/artcomsolutions.com\/wp-content\/uploads\/2022\/12\/PXL_20240219_102131032-scaled.jpg\" class=\"icon photo \" > <\/a> <div class=\"overlay-line\"><\/div> <\/div> <\/div> <\/div> <\/div> <\/div> <\/div> <\/li> <li class=\"gallery-item gallery-0 col-xs-12 col-sm-6 col-md-3 item-animations-not-inited single-icon post-7154 thegem_team_person type-thegem_team_person status-publish has-post-thumbnail\" style=\"\"> <div class=\"wrap gem-wrapbox-style-default\"> <div class=\"overlay-wrap\"> <div class=\"image-wrap \"> <picture> <img decoding=\"async\" src=\"https:\/\/artcomsolutions.com\/wp-content\/uploads\/2022\/12\/PXL_20240219_102457378-scaled-thegem-portfolio-masonry.jpg\" width=\"754\" height=\"568\" class=\"attachment-thegem-portfolio-masonry\" alt=\"PXL_20240219_102457378\" \/> <\/picture> <\/div> <div class=\"overlay \"> <div class=\"overlay-circle\"><\/div> <a href=\"https:\/\/artcomsolutions.com\/wp-content\/uploads\/2022\/12\/PXL_20240219_102457378-scaled.jpg\" class=\"gallery-item-link fancy-gallery\" data-fancybox=\"gallery-69d52be3b749f\"> <span class=\"slide-info\"> <\/span> <\/a> <div class=\"overlay-content\"> <div class=\"overlay-content-center\"> <div class=\"overlay-content-inner\"> <a href=\"https:\/\/artcomsolutions.com\/wp-content\/uploads\/2022\/12\/PXL_20240219_102457378-scaled.jpg\" class=\"icon photo \" > <\/a> <div class=\"overlay-line\"><\/div> <\/div> <\/div> <\/div> <\/div> <\/div> <\/div> <\/li> <li class=\"gallery-item gallery-0 col-xs-12 col-sm-6 col-md-3 item-animations-not-inited single-icon post-7154 thegem_team_person type-thegem_team_person status-publish has-post-thumbnail\" style=\"\"> <div class=\"wrap gem-wrapbox-style-default\"> <div class=\"overlay-wrap\"> <div class=\"image-wrap \"> <picture> <img decoding=\"async\" src=\"https:\/\/artcomsolutions.com\/wp-content\/uploads\/2022\/12\/PXL_20240219_102907583-scaled-thegem-portfolio-masonry.jpg\" width=\"754\" height=\"568\" class=\"attachment-thegem-portfolio-masonry\" alt=\"PXL_20240219_102907583\" \/> <\/picture> <\/div> <div class=\"overlay \"> <div class=\"overlay-circle\"><\/div> <a href=\"https:\/\/artcomsolutions.com\/wp-content\/uploads\/2022\/12\/PXL_20240219_102907583-scaled.jpg\" class=\"gallery-item-link fancy-gallery\" data-fancybox=\"gallery-69d52be3b749f\"> <span class=\"slide-info\"> <\/span> <\/a> <div class=\"overlay-content\"> <div class=\"overlay-content-center\"> <div class=\"overlay-content-inner\"> <a href=\"https:\/\/artcomsolutions.com\/wp-content\/uploads\/2022\/12\/PXL_20240219_102907583-scaled.jpg\" class=\"icon photo \" > <\/a> <div class=\"overlay-line\"><\/div> <\/div> <\/div> <\/div> <\/div> <\/div> <\/div> <\/li> <\/ul> <div class=\"portfolio-item-size-container\"> <li class=\"gallery-item size-item col-xs-12 col-sm-6 col-md-3 post-7154 thegem_team_person type-thegem_team_person status-publish has-post-thumbnail\" style=\"\"> <\/li> <\/div> <\/div> <\/div> <\/div> <\/div>[\/vc_column][\/vc_row]<\/p>\n<\/div>","protected":false},"excerpt":{"rendered":"<p>[vc_row full_width=&#8221;stretch_row&#8221; css=&#8221;.vc_custom_1589291637288{margin-bottom: 0px !important;background-color: #2c2e3d !important;}&#8221; custom_css_code=&#8221;LmdlbS1jb3VudGVyJTIwLmdlbS1pY29uLXNpemUtbWVkaXVtJTIwJTdCJTBBJTIwJTIwJTIwJTIwZm9udC1zaXplJTNBJTIwMjRweCUzQiUwQSU3RA==&#8221;][vc_column css=&#8221;.vc_custom_1587144279645{padding-top: 0px !important;}&#8221;][vc_column_text] Offrez \u00e0 Vos Clients l&#8217;Excellence Artistique avec Notre Collection&#8230;<\/p>\n","protected":false},"author":1,"featured_media":7173,"parent":0,"menu_order":0,"comment_status":"closed","ping_status":"closed","template":"","meta":{"footnotes":""},"_links":{"self":[{"href":"https:\/\/artcomsolutions.com\/index.php?rest_route=\/wp\/v2\/pages\/7149"}],"collection":[{"href":"https:\/\/artcomsolutions.com\/index.php?rest_route=\/wp\/v2\/pages"}],"about":[{"href":"https:\/\/artcomsolutions.com\/index.php?rest_route=\/wp\/v2\/types\/page"}],"author":[{"embeddable":true,"href":"https:\/\/artcomsolutions.com\/index.php?rest_route=\/wp\/v2\/users\/1"}],"replies":[{"embeddable":true,"href":"https:\/\/artcomsolutions.com\/index.php?rest_route=%2Fwp%2Fv2%2Fcomments&post=7149"}],"version-history":[{"count":6,"href":"https:\/\/artcomsolutions.com\/index.php?rest_route=\/wp\/v2\/pages\/7149\/revisions"}],"predecessor-version":[{"id":7217,"href":"https:\/\/artcomsolutions.com\/index.php?rest_route=\/wp\/v2\/pages\/7149\/revisions\/7217"}],"wp:featuredmedia":[{"embeddable":true,"href":"https:\/\/artcomsolutions.com\/index.php?rest_route=\/wp\/v2\/media\/7173"}],"wp:attachment":[{"href":"https:\/\/artcomsolutions.com\/index.php?rest_route=%2Fwp%2Fv2%2Fmedia&parent=7149"}],"curies":[{"name":"wp","href":"https:\/\/api.w.org\/{rel}","templated":true}]}}