{"id":7197,"date":"2024-02-22T17:59:52","date_gmt":"2024-02-22T16:59:52","guid":{"rendered":"http:\/\/artcomsolutions.com\/?page_id=7197"},"modified":"2024-02-26T16:51:32","modified_gmt":"2024-02-26T15:51:32","slug":"artiste","status":"publish","type":"page","link":"https:\/\/artcomsolutions.com\/?page_id=7197","title":{"rendered":"Artiste"},"content":{"rendered":"<div class=\"wpb-content-wrapper\"><p>[vc_row full_width=&#8221;stretch_row&#8221; css=&#8221;.vc_custom_1589291637288{margin-bottom: 0px !important;background-color: #2c2e3d !important;}&#8221; custom_css_code=&#8221;LmdlbS1jb3VudGVyJTIwLmdlbS1pY29uLXNpemUtbWVkaXVtJTIwJTdCJTBBJTIwJTIwJTIwJTIwZm9udC1zaXplJTNBJTIwMjRweCUzQiUwQSU3RA==&#8221;][vc_column css=&#8221;.vc_custom_1587144279645{padding-top: 0px !important;}&#8221;]<div class=\"clearboth\"><\/div><style>#thegem-divider-69d5289f83f60 {margin-top: 120px !important;}<\/style><div id=\"thegem-divider-69d5289f83f60\" class=\"gem-divider  \" style=\"\" ><\/div>[vc_column_text]<\/p>\n<div class=\"title-h1\" style=\"text-align: center;\">\n<h4>Notre atelier est l\u00e0 pour vous offrir une solution compl\u00e8te et sans tracas pour la production et la distribution de vos \u0153uvres.<\/h4>\n<\/div>\n<p>[\/vc_column_text]<div class=\"clearboth\"><\/div><style>#thegem-divider-69d5289f83fa2 {margin-top: 35px !important;}<\/style><div id=\"thegem-divider-69d5289f83fa2\" class=\"gem-divider  \" style=\"\" ><\/div>[vc_column_text]Nous comprenons les d\u00e9fis auxquels vous \u00eates confront\u00e9 en tant qu&#8217;artiste, que vous soyez peintre, photographe ou artiste num\u00e9rique. C&#8217;est pourquoi nous avons d\u00e9velopp\u00e9 un processus simplifi\u00e9 qui vous permet de vous concentrer pleinement sur votre art.[\/vc_column_text]<div class=\"clearboth\"><\/div><style>#thegem-divider-69d5289f83fc5 {margin-top: 90px !important;}<\/style><div id=\"thegem-divider-69d5289f83fc5\" class=\"gem-divider  \" style=\"\" ><\/div>[\/vc_column][\/vc_row][vc_row full_width=&#8221;stretch_row&#8221; css=&#8221;.vc_custom_1587024230663{margin-bottom: 0px !important;background-color: #2c2e3d !important;}&#8221;][vc_column]<div class=\"clearboth\"><\/div><style>#thegem-divider-69d5289f83fe0 {margin-top: 95px !important;}<\/style><div id=\"thegem-divider-69d5289f83fe0\" class=\"gem-divider  \" style=\"\" ><\/div>[\/vc_column][vc_column css=&#8221;.vc_custom_1541514964270{padding-top: 0px !important;}&#8221; offset=&#8221;vc_col-md-4&#8243;]<div style='background-color: #171b2d; color: #ffffff; '  class=\"gem-quote gem-quote-style-1 gem-quote-no-paddings custom-color-blockqute-mark-added\" ><blockquote style='color: #ffffff ; border-color:  ' ><span style=\"color: #ffffff;\">&#8230;.<br \/>\n<\/span><\/blockquote><span style=color:#a3e7f0;  class=\"custom-color-blockqute-mark\">&#xe60c;<\/span><\/div>[\/vc_column][vc_column width=&#8221;1\/2&#8243; css=&#8221;.vc_custom_1541514973205{padding-top: 0px !important;}&#8221; offset=&#8221;vc_col-md-4&#8243;][vc_column_text css=&#8221;.vc_custom_1708621179212{margin-top: -5px !important;}&#8221;]<\/p>\n<div class=\"flex flex-grow flex-col max-w-full\">\n<div class=\"min-h-[20px] text-message flex flex-col items-start gap-3 whitespace-pre-wrap break-words [.text-message+&amp;]:mt-5 overflow-x-auto\" data-message-author-role=\"assistant\" data-message-id=\"d7baca02-6431-445a-9e99-3bc479e14bff\">\n<div class=\"markdown prose w-full break-words dark:prose-invert light\" style=\"text-align: left;\">\n<p>En travaillant avec notre atelier, vous n&#8217;avez qu&#8217;\u00e0 nous envoyer un simple e-mail pour lancer la production de vos \u0153uvres pour vos clients. Nous prenons en charge tous les aspects de la fabrication et de l&#8217;exp\u00e9dition, en veillant \u00e0 ce que chaque pi\u00e8ce soit r\u00e9alis\u00e9e avec soin et qualit\u00e9.<\/p>\n<p>De plus, nous vous offrons la possibilit\u00e9 d&#8217;exp\u00e9dier directement vos \u0153uvres chez vos clients. Plus besoin de vous soucier de la logistique, nous nous occupons de tout pour vous.<\/p>\n<p>Notre objectif est de vous offrir une exp\u00e9rience de production et de distribution sans souci, vous permettant de vous concentrer pleinement sur votre art. Nous sommes l\u00e0 pour vous soutenir dans votre parcours cr\u00e9atif et vous aider \u00e0 atteindre un public plus large gr\u00e2ce \u00e0 notre expertise et notre efficacit\u00e9 logistique.<\/p>\n<p>N&#8217;h\u00e9sitez pas \u00e0 nous contacter pour en savoir plus sur la fa\u00e7on dont notre atelier peut vous aider \u00e0 r\u00e9aliser vos projets artistiques.<\/p>\n<\/div>\n<\/div>\n<\/div>\n<p>[\/vc_column_text][\/vc_column][vc_column width=&#8221;1\/2&#8243; css=&#8221;.vc_custom_1541514981709{padding-top: 0px !important;}&#8221; offset=&#8221;vc_col-md-4&#8243;]<div class=\"gem-team row inline-row gem-team-style-6\" data-hover-colors=\"{&quot;background_color&quot;:&quot;#171b2d&quot;,&quot;tel_color&quot;:&quot;#ffffff&quot;}\" > <div class=\"col-xs-12 inline-column\"> <div id=\"post-365\" class=\"team-person default-background post-365 thegem_team_person type-thegem_team_person status-publish has-post-thumbnail\" style=\"background-color: #373949; border-color: #373949\"><div class=\"team-person-hover\"> <div class=\"team-person-box clearfix\"> <div class=\"team-person-box-left\"><div class=\"team-person-image\"><span><img decoding=\"async\" width=\"80\" height=\"80\" src=\"https:\/\/artcomsolutions.com\/wp-content\/uploads\/2020\/02\/thierry-brousset-le-boss-d-art-com-au-milieu-d-une-partie-des-creations-de-son-atelier-le-dl-a-p-1511630645-thegem-person-80.jpg\" class=\"img-responsive wp-post-image\" alt=\"thierry-brousset-le-boss-d-art-com-au-milieu-d-une-partie-des-creations-de-son-atelier-le-dl-a-p-1511630645\" srcset=\"https:\/\/artcomsolutions.com\/wp-content\/uploads\/2020\/02\/thierry-brousset-le-boss-d-art-com-au-milieu-d-une-partie-des-creations-de-son-atelier-le-dl-a-p-1511630645.jpg 2x\" sizes=\"100vw\" \/><\/span><\/div><\/div> <div class=\"team-person-box-right\"> <div class=\"team-person-info\"> <div class=\"team-person-name styled-subtitle\" style=\"color: #ffffff\">Brousset Thierry<\/div> <div class=\"team-person-position date-color\" style=\"color: #99a9b5\">Charg\u00e9 d'affaires<\/div> <div class=\"gem-styled-color-1\"><div class=\"team-person-phone title-h6\"><a href=\"tel:0033624618302\" style=\"color: #00bdd4\">0033624618302<\/a><\/div><\/div> <div class=\"team-person-email\"><a style=\"color: #00bdd4\" href=\"mailto:thierry@artcomsolutions.com\">thierry@artcomsolutions.com<\/a><\/div> <\/div> <div class=\"socials team-person-socials socials-colored-hover\"><a style=\"color: #b6c7ca\" title=\"Facebook\" target=\"_blank\" href=\"#\" class=\"socials-item\"><i class=\"socials-item-icon social-item-rounded facebook\"><\/i><\/a><a style=\"color: #b6c7ca\" title=\"Twitter (X)\" target=\"_blank\" href=\"#\" class=\"socials-item\"><i class=\"socials-item-icon social-item-rounded twitter\"><\/i><\/a><a style=\"color: #b6c7ca\" title=\"Instagram\" target=\"_blank\" href=\"#\" class=\"socials-item\"><i class=\"socials-item-icon social-item-rounded instagram\"><\/i><\/a><\/div> <\/div> <\/div> <\/div><a class=\"team-person-link\" href=\"#\" target=\"_self\"><\/a><\/div> <\/div> <div class=\"col-xs-12 inline-column\"> <div id=\"post-7154\" class=\"team-person default-background post-7154 thegem_team_person type-thegem_team_person status-publish has-post-thumbnail\" style=\"background-color: #373949; border-color: #373949\"><div class=\"team-person-hover\"> <div class=\"team-person-box clearfix\"> <div class=\"team-person-box-left\"><div class=\"team-person-image\"><span><img decoding=\"async\" width=\"80\" height=\"80\" src=\"https:\/\/artcomsolutions.com\/wp-content\/uploads\/2024\/02\/Dauvergne-Yoann-thegem-person-80.jpg\" class=\"img-responsive wp-post-image\" alt=\"Dauvergne Yoann\" srcset=\"https:\/\/artcomsolutions.com\/wp-content\/uploads\/2024\/02\/Dauvergne-Yoann.jpg 2x\" sizes=\"100vw\" \/><\/span><\/div><\/div> <div class=\"team-person-box-right\"> <div class=\"team-person-info\"> <div class=\"team-person-name styled-subtitle\" style=\"color: #ffffff\">Dauvergne Yoann<\/div> <div class=\"team-person-position date-color\" style=\"color: #99a9b5\">Charg\u00e9 de production<\/div> <div class=\"gem-styled-color-1\"><div class=\"team-person-phone title-h6\"><a href=\"tel:0033651179840\" style=\"color: #00bdd4\">0033651179840<\/a><\/div><\/div> <div class=\"team-person-email\"><a style=\"color: #00bdd4\" href=\"mailto:Yoann@artcomsolutions.com\">Yoann@artcomsolutions.com<\/a><\/div> <\/div> <div class=\"socials team-person-socials socials-colored-hover\"><a style=\"color: #b6c7ca\" title=\"Facebook\" target=\"_blank\" href=\"#\" class=\"socials-item\"><i class=\"socials-item-icon social-item-rounded facebook\"><\/i><\/a><a style=\"color: #b6c7ca\" title=\"Twitter (X)\" target=\"_blank\" href=\"#\" class=\"socials-item\"><i class=\"socials-item-icon social-item-rounded twitter\"><\/i><\/a><a style=\"color: #b6c7ca\" title=\"Instagram\" target=\"_blank\" href=\"#\" class=\"socials-item\"><i class=\"socials-item-icon social-item-rounded instagram\"><\/i><\/a><\/div> <\/div> <\/div> <\/div><a class=\"team-person-link\" href=\"#\" target=\"_self\"><\/a><\/div> <\/div> <\/div>[\/vc_column][vc_column]<div class=\"clearboth\"><\/div><style>#thegem-divider-69d5289f85640 {margin-top: 50px !important;}<\/style><div id=\"thegem-divider-69d5289f85640\" class=\"gem-divider  \" style=\"\" ><\/div><style>.gem-gallery-grid#style-69d5289f8598c .gallery-item { padding: calc(0px\/2) !important; }.gem-gallery-grid#style-69d5289f8598c .gallery-set { margin-top: calc(-0px\/2); margin-bottom: calc(-0px\/2); }.gem-gallery-grid#style-69d5289f8598c .not-fullwidth-block .gallery-set, .gem-gallery-grid#style-69d5289f8598c .not-fullwidth-block .portfolio-item-size-container { margin-left: calc(-0px\/2); margin-right: calc(-0px\/2); }.gem-gallery-grid#style-69d5289f8598c .fullwidth-block { padding-left: calc(0px\/2); padding-right: calc(0px\/2); }.gem-gallery-grid#style-69d5289f8598c .fullwidth-block .portfolio-top-panel:not(.gem-sticky-block), .gem-gallery-grid#style-69d5289f8598c .portfolio-item.not-found .found-wrap { padding-left: 21px; padding-right: 21px; }@media (min-width: 768px) and (max-width: 991px) { .gem-gallery-grid#style-69d5289f8598c .fullwidth-block .portfolio-top-panel:not(.gem-sticky-block), .gem-gallery-grid#style-69d5289f8598c .portfolio-item.not-found .found-wrap { padding-left: 21px; padding-right: 21px; }}@media (max-width: 767px) { .gem-gallery-grid#style-69d5289f8598c .fullwidth-block .portfolio-top-panel:not(.gem-sticky-block), .gem-gallery-grid#style-69d5289f8598c .portfolio-item.not-found .found-wrap { padding-left: 21px; padding-right: 21px; }}.gem-gallery-grid#style-69d5289f8598c .portfolio-filters { text-align: center }<\/style><div id=\"style-preloader-69d5289f8598c\" class=\"preloader save-space\"><div class=\"preloader-spin\"><\/div><\/div> <div class=\"gallery-preloader-wrapper\"> <div class=\"row\"> <div id=\"style-69d5289f8598c\" class=\"gem-gallery-grid col-lg-12 col-md-12 col-sm-12 gallery-style-masonry hover-default loading-animation item-animation-move-up fullwidth-columns fullwidth-columns-4 gallery-items-masonry columns-tablet-2 columns-mobile-1 \" data-hover=\"default\" data-uid=\"69d5289f8598c\" data-filter=\"[]\"> <div class=\"portfolio fullwidth-block \"> <ul class=\"gallery-set clearfix\" data-max-row-height=\"380\"> <li class=\"gallery-item gallery-0 col-xs-12 col-sm-6 col-md-3 item-animations-not-inited single-icon post-7154 thegem_team_person type-thegem_team_person status-publish has-post-thumbnail\" style=\"\"> <div class=\"wrap gem-wrapbox-style-default\"> <div class=\"overlay-wrap\"> <div class=\"image-wrap \"> <picture> <img decoding=\"async\" src=\"https:\/\/artcomsolutions.com\/wp-content\/uploads\/2024\/02\/285059812_530187215226951_5149646364600514055_n-thegem-portfolio-masonry.jpg\" width=\"754\" height=\"754\" class=\"attachment-thegem-portfolio-masonry\" alt=\"285059812_530187215226951_5149646364600514055_n\" \/> <\/picture> <\/div> <div class=\"overlay \"> <div class=\"overlay-circle\"><\/div> <a href=\"https:\/\/artcomsolutions.com\/wp-content\/uploads\/2024\/02\/285059812_530187215226951_5149646364600514055_n.jpg\" class=\"gallery-item-link fancy-gallery\" data-fancybox=\"gallery-69d5289f8598c\"> <span class=\"slide-info\"> <\/span> <\/a> <div class=\"overlay-content\"> <div class=\"overlay-content-center\"> <div class=\"overlay-content-inner\"> <a href=\"https:\/\/artcomsolutions.com\/wp-content\/uploads\/2024\/02\/285059812_530187215226951_5149646364600514055_n.jpg\" class=\"icon photo \" > <\/a> <div class=\"overlay-line\"><\/div> <\/div> <\/div> <\/div> <\/div> <\/div> <\/div> <\/li> <li class=\"gallery-item gallery-0 col-xs-12 col-sm-6 col-md-3 item-animations-not-inited single-icon post-7154 thegem_team_person type-thegem_team_person status-publish has-post-thumbnail\" style=\"\"> <div class=\"wrap gem-wrapbox-style-default\"> <div class=\"overlay-wrap\"> <div class=\"image-wrap \"> <picture> <img decoding=\"async\" src=\"https:\/\/artcomsolutions.com\/wp-content\/uploads\/2024\/02\/285246839_530187295226943_8121193667024342324_n.jpg\" width=\"720\" height=\"960\" class=\"attachment-thegem-portfolio-masonry\" alt=\"285246839_530187295226943_8121193667024342324_n\" \/> <\/picture> <\/div> <div class=\"overlay \"> <div class=\"overlay-circle\"><\/div> <a href=\"https:\/\/artcomsolutions.com\/wp-content\/uploads\/2024\/02\/285246839_530187295226943_8121193667024342324_n.jpg\" class=\"gallery-item-link fancy-gallery\" data-fancybox=\"gallery-69d5289f8598c\"> <span class=\"slide-info\"> <\/span> <\/a> <div class=\"overlay-content\"> <div class=\"overlay-content-center\"> <div class=\"overlay-content-inner\"> <a href=\"https:\/\/artcomsolutions.com\/wp-content\/uploads\/2024\/02\/285246839_530187295226943_8121193667024342324_n.jpg\" class=\"icon photo \" > <\/a> <div class=\"overlay-line\"><\/div> <\/div> <\/div> <\/div> <\/div> <\/div> <\/div> <\/li> <li class=\"gallery-item gallery-0 col-xs-12 col-sm-6 col-md-3 item-animations-not-inited single-icon post-7154 thegem_team_person type-thegem_team_person status-publish has-post-thumbnail\" style=\"\"> <div class=\"wrap gem-wrapbox-style-default\"> <div class=\"overlay-wrap\"> <div class=\"image-wrap \"> <picture> <img decoding=\"async\" src=\"https:\/\/artcomsolutions.com\/wp-content\/uploads\/2024\/02\/281757432_530187248560281_1518135766137941989_n.jpg\" width=\"720\" height=\"960\" class=\"attachment-thegem-portfolio-masonry\" alt=\"281757432_530187248560281_1518135766137941989_n\" \/> <\/picture> <\/div> <div class=\"overlay \"> <div class=\"overlay-circle\"><\/div> <a href=\"https:\/\/artcomsolutions.com\/wp-content\/uploads\/2024\/02\/281757432_530187248560281_1518135766137941989_n.jpg\" class=\"gallery-item-link fancy-gallery\" data-fancybox=\"gallery-69d5289f8598c\"> <span class=\"slide-info\"> <\/span> <\/a> <div class=\"overlay-content\"> <div class=\"overlay-content-center\"> <div class=\"overlay-content-inner\"> <a href=\"https:\/\/artcomsolutions.com\/wp-content\/uploads\/2024\/02\/281757432_530187248560281_1518135766137941989_n.jpg\" class=\"icon photo \" > <\/a> <div class=\"overlay-line\"><\/div> <\/div> <\/div> <\/div> <\/div> <\/div> <\/div> <\/li> <li class=\"gallery-item gallery-0 col-xs-12 col-sm-6 col-md-3 item-animations-not-inited single-icon post-7154 thegem_team_person type-thegem_team_person status-publish has-post-thumbnail\" style=\"\"> <div class=\"wrap gem-wrapbox-style-default\"> <div class=\"overlay-wrap\"> <div class=\"image-wrap \"> <picture> <img decoding=\"async\" src=\"https:\/\/artcomsolutions.com\/wp-content\/uploads\/2024\/02\/121237312_2787566481488796_289667569879493641_n-thegem-portfolio-masonry.jpg\" width=\"754\" height=\"754\" class=\"attachment-thegem-portfolio-masonry\" alt=\"121237312_2787566481488796_289667569879493641_n\" \/> <\/picture> <\/div> <div class=\"overlay \"> <div class=\"overlay-circle\"><\/div> <a href=\"https:\/\/artcomsolutions.com\/wp-content\/uploads\/2024\/02\/121237312_2787566481488796_289667569879493641_n.jpg\" class=\"gallery-item-link fancy-gallery\" data-fancybox=\"gallery-69d5289f8598c\"> <span class=\"slide-info\"> <\/span> <\/a> <div class=\"overlay-content\"> <div class=\"overlay-content-center\"> <div class=\"overlay-content-inner\"> <a href=\"https:\/\/artcomsolutions.com\/wp-content\/uploads\/2024\/02\/121237312_2787566481488796_289667569879493641_n.jpg\" class=\"icon photo \" > <\/a> <div class=\"overlay-line\"><\/div> <\/div> <\/div> <\/div> <\/div> <\/div> <\/div> <\/li> <li class=\"gallery-item gallery-0 col-xs-12 col-sm-6 col-md-3 item-animations-not-inited single-icon post-7154 thegem_team_person type-thegem_team_person status-publish has-post-thumbnail\" style=\"\"> <div class=\"wrap gem-wrapbox-style-default\"> <div class=\"overlay-wrap\"> <div class=\"image-wrap \"> <picture> <img decoding=\"async\" src=\"https:\/\/artcomsolutions.com\/wp-content\/uploads\/2024\/02\/121386101_2787566471488797_1661055114810082141_n-thegem-portfolio-masonry.jpg\" width=\"754\" height=\"754\" class=\"attachment-thegem-portfolio-masonry\" alt=\"121386101_2787566471488797_1661055114810082141_n\" \/> <\/picture> <\/div> <div class=\"overlay \"> <div class=\"overlay-circle\"><\/div> <a href=\"https:\/\/artcomsolutions.com\/wp-content\/uploads\/2024\/02\/121386101_2787566471488797_1661055114810082141_n.jpg\" class=\"gallery-item-link fancy-gallery\" data-fancybox=\"gallery-69d5289f8598c\"> <span class=\"slide-info\"> <\/span> <\/a> <div class=\"overlay-content\"> <div class=\"overlay-content-center\"> <div class=\"overlay-content-inner\"> <a href=\"https:\/\/artcomsolutions.com\/wp-content\/uploads\/2024\/02\/121386101_2787566471488797_1661055114810082141_n.jpg\" class=\"icon photo \" > <\/a> <div class=\"overlay-line\"><\/div> <\/div> <\/div> <\/div> <\/div> <\/div> <\/div> <\/li> <li class=\"gallery-item gallery-0 col-xs-12 col-sm-6 col-md-3 item-animations-not-inited single-icon post-7154 thegem_team_person type-thegem_team_person status-publish has-post-thumbnail\" style=\"\"> <div class=\"wrap gem-wrapbox-style-default\"> <div class=\"overlay-wrap\"> <div class=\"image-wrap \"> <picture> <img decoding=\"async\" src=\"https:\/\/artcomsolutions.com\/wp-content\/uploads\/2024\/02\/121313897_2787566484822129_7835600609669615577_n-thegem-portfolio-masonry.jpg\" width=\"754\" height=\"754\" class=\"attachment-thegem-portfolio-masonry\" alt=\"121313897_2787566484822129_7835600609669615577_n\" \/> <\/picture> <\/div> <div class=\"overlay \"> <div class=\"overlay-circle\"><\/div> <a href=\"https:\/\/artcomsolutions.com\/wp-content\/uploads\/2024\/02\/121313897_2787566484822129_7835600609669615577_n.jpg\" class=\"gallery-item-link fancy-gallery\" data-fancybox=\"gallery-69d5289f8598c\"> <span class=\"slide-info\"> <\/span> <\/a> <div class=\"overlay-content\"> <div class=\"overlay-content-center\"> <div class=\"overlay-content-inner\"> <a href=\"https:\/\/artcomsolutions.com\/wp-content\/uploads\/2024\/02\/121313897_2787566484822129_7835600609669615577_n.jpg\" class=\"icon photo \" > <\/a> <div class=\"overlay-line\"><\/div> <\/div> <\/div> <\/div> <\/div> <\/div> <\/div> <\/li> <li class=\"gallery-item gallery-0 col-xs-12 col-sm-6 col-md-3 item-animations-not-inited single-icon post-7154 thegem_team_person type-thegem_team_person status-publish has-post-thumbnail\" style=\"\"> <div class=\"wrap gem-wrapbox-style-default\"> <div class=\"overlay-wrap\"> <div class=\"image-wrap \"> <picture> <img decoding=\"async\" src=\"https:\/\/artcomsolutions.com\/wp-content\/uploads\/2024\/02\/121398184_2787566478155463_3289056948154195868_n-thegem-portfolio-masonry.jpg\" width=\"754\" height=\"754\" class=\"attachment-thegem-portfolio-masonry\" alt=\"121398184_2787566478155463_3289056948154195868_n\" \/> <\/picture> <\/div> <div class=\"overlay \"> <div class=\"overlay-circle\"><\/div> <a href=\"https:\/\/artcomsolutions.com\/wp-content\/uploads\/2024\/02\/121398184_2787566478155463_3289056948154195868_n.jpg\" class=\"gallery-item-link fancy-gallery\" data-fancybox=\"gallery-69d5289f8598c\"> <span class=\"slide-info\"> <\/span> <\/a> <div class=\"overlay-content\"> <div class=\"overlay-content-center\"> <div class=\"overlay-content-inner\"> <a href=\"https:\/\/artcomsolutions.com\/wp-content\/uploads\/2024\/02\/121398184_2787566478155463_3289056948154195868_n.jpg\" class=\"icon photo \" > <\/a> <div class=\"overlay-line\"><\/div> <\/div> <\/div> <\/div> <\/div> <\/div> <\/div> <\/li> <li class=\"gallery-item gallery-0 col-xs-12 col-sm-6 col-md-3 item-animations-not-inited single-icon post-7154 thegem_team_person type-thegem_team_person status-publish has-post-thumbnail\" style=\"\"> <div class=\"wrap gem-wrapbox-style-default\"> <div class=\"overlay-wrap\"> <div class=\"image-wrap \"> <picture> <img decoding=\"async\" src=\"https:\/\/artcomsolutions.com\/wp-content\/uploads\/2024\/02\/119685155_175391574140270_7825795827492001902_n-thegem-portfolio-masonry.jpg\" width=\"754\" height=\"754\" class=\"attachment-thegem-portfolio-masonry\" alt=\"119685155_175391574140270_7825795827492001902_n\" \/> <\/picture> <\/div> <div class=\"overlay \"> <div class=\"overlay-circle\"><\/div> <a href=\"https:\/\/artcomsolutions.com\/wp-content\/uploads\/2024\/02\/119685155_175391574140270_7825795827492001902_n.jpg\" class=\"gallery-item-link fancy-gallery\" data-fancybox=\"gallery-69d5289f8598c\"> <span class=\"slide-info\"> <\/span> <\/a> <div class=\"overlay-content\"> <div class=\"overlay-content-center\"> <div class=\"overlay-content-inner\"> <a href=\"https:\/\/artcomsolutions.com\/wp-content\/uploads\/2024\/02\/119685155_175391574140270_7825795827492001902_n.jpg\" class=\"icon photo \" > <\/a> <div class=\"overlay-line\"><\/div> <\/div> <\/div> <\/div> <\/div> <\/div> <\/div> <\/li> <\/ul> <div class=\"portfolio-item-size-container\"> <li class=\"gallery-item size-item col-xs-12 col-sm-6 col-md-3 post-7154 thegem_team_person type-thegem_team_person status-publish has-post-thumbnail\" style=\"\"> <\/li> <\/div> <\/div> <\/div> <\/div> <\/div>[\/vc_column][\/vc_row]<\/p>\n<\/div>","protected":false},"excerpt":{"rendered":"<p>[vc_row full_width=&#8221;stretch_row&#8221; css=&#8221;.vc_custom_1589291637288{margin-bottom: 0px !important;background-color: #2c2e3d !important;}&#8221; custom_css_code=&#8221;LmdlbS1jb3VudGVyJTIwLmdlbS1pY29uLXNpemUtbWVkaXVtJTIwJTdCJTBBJTIwJTIwJTIwJTIwZm9udC1zaXplJTNBJTIwMjRweCUzQiUwQSU3RA==&#8221;][vc_column css=&#8221;.vc_custom_1587144279645{padding-top: 0px !important;}&#8221;][vc_column_text] Notre atelier est l\u00e0 pour vous offrir une solution&#8230;<\/p>\n","protected":false},"author":1,"featured_media":7214,"parent":0,"menu_order":0,"comment_status":"closed","ping_status":"closed","template":"","meta":{"footnotes":""},"_links":{"self":[{"href":"https:\/\/artcomsolutions.com\/index.php?rest_route=\/wp\/v2\/pages\/7197"}],"collection":[{"href":"https:\/\/artcomsolutions.com\/index.php?rest_route=\/wp\/v2\/pages"}],"about":[{"href":"https:\/\/artcomsolutions.com\/index.php?rest_route=\/wp\/v2\/types\/page"}],"author":[{"embeddable":true,"href":"https:\/\/artcomsolutions.com\/index.php?rest_route=\/wp\/v2\/users\/1"}],"replies":[{"embeddable":true,"href":"https:\/\/artcomsolutions.com\/index.php?rest_route=%2Fwp%2Fv2%2Fcomments&post=7197"}],"version-history":[{"count":3,"href":"https:\/\/artcomsolutions.com\/index.php?rest_route=\/wp\/v2\/pages\/7197\/revisions"}],"predecessor-version":[{"id":7272,"href":"https:\/\/artcomsolutions.com\/index.php?rest_route=\/wp\/v2\/pages\/7197\/revisions\/7272"}],"wp:featuredmedia":[{"embeddable":true,"href":"https:\/\/artcomsolutions.com\/index.php?rest_route=\/wp\/v2\/media\/7214"}],"wp:attachment":[{"href":"https:\/\/artcomsolutions.com\/index.php?rest_route=%2Fwp%2Fv2%2Fmedia&parent=7197"}],"curies":[{"name":"wp","href":"https:\/\/api.w.org\/{rel}","templated":true}]}}